{"id":2,"date":"2010-05-22T16:26:06","date_gmt":"2010-05-22T16:26:06","guid":{"rendered":"http:\/\/www.vincenwoo.com\/podcomicsv2\/?page_id=2"},"modified":"2010-05-26T22:45:36","modified_gmt":"2010-05-26T22:45:36","slug":"a-propos","status":"publish","type":"page","link":"http:\/\/www.vincenwoo.com\/podcomicsv2\/a-propos\/","title":{"rendered":"\u00c0 propos du blog"},"content":{"rendered":"<p>Le blog est juste l\u00e0 pour vous informer de trucs ici et l\u00e0. \ud83d\ude42<\/p>\n<p>Il est dirig\u00e9 par <a href=\"http:\/\/www.vincenwoo.com\">Vincenwoo<\/a>.<\/p>\n","protected":false},"excerpt":{"rendered":"<p>Le blog est juste l\u00e0 pour vous informer de trucs ici et l\u00e0. \ud83d\ude42 Il est dirig\u00e9 par Vincenwoo.<\/p>\n","protected":false},"author":1,"featured_media":0,"parent":0,"menu_order":0,"comment_status":"closed","ping_status":"closed","template":"","meta":[],"_links":{"self":[{"href":"http:\/\/www.vincenwoo.com\/podcomicsv2\/wp-json\/wp\/v2\/pages\/2"}],"collection":[{"href":"http:\/\/www.vincenwoo.com\/podcomicsv2\/wp-json\/wp\/v2\/pages"}],"about":[{"href":"http:\/\/www.vincenwoo.com\/podcomicsv2\/wp-json\/wp\/v2\/types\/page"}],"author":[{"embeddable":true,"href":"http:\/\/www.vincenwoo.com\/podcomicsv2\/wp-json\/wp\/v2\/users\/1"}],"replies":[{"embeddable":true,"href":"http:\/\/www.vincenwoo.com\/podcomicsv2\/wp-json\/wp\/v2\/comments?post=2"}],"version-history":[{"count":3,"href":"http:\/\/www.vincenwoo.com\/podcomicsv2\/wp-json\/wp\/v2\/pages\/2\/revisions"}],"predecessor-version":[{"id":73,"href":"http:\/\/www.vincenwoo.com\/podcomicsv2\/wp-json\/wp\/v2\/pages\/2\/revisions\/73"}],"wp:attachment":[{"href":"http:\/\/www.vincenwoo.com\/podcomicsv2\/wp-json\/wp\/v2\/media?parent=2"}],"curies":[{"name":"wp","href":"https:\/\/api.w.org\/{rel}","templated":true}]}}